{"id":320,"date":"2015-07-29T13:44:44","date_gmt":"2015-07-29T13:44:44","guid":{"rendered":"https:\/\/optimus.qsandbox.com\/zqs\/qbcj\/site\/zakra-plumber\/?page_id=4"},"modified":"2024-05-31T10:19:47","modified_gmt":"2024-05-31T10:19:47","slug":"home","status":"publish","type":"page","link":"http:\/\/reparacionesmarinaalta.es\/","title":{"rendered":"Home"},"content":{"rendered":"\n<div class=\"alignfull blockart-section blockart-section-167a7dfa alignfull\"><div class=\"blockart-overlay\"><\/div><div class=\"blockart-container\"><div class=\"blockart-section-inner\">\n<div class=\"blockart-column blockart-column-202e65b6\"><div class=\"blockart-column-inner\">\n<h2 class=\"blockart-heading blockart-heading-d03ef4e6\">Reparaciones Marina Alta S. L.<br><\/h2>\n\n\n\n<p class=\"blockart-paragraph blockart-paragraph-15a5236b\">Damos servicio en las comarcas de La Safor y Marina Alta. Nuestros profesionales est\u00e1n avalados por m\u00e1s de 25 a\u00f1os de experiencia para poder garantizar s\u00f3lo el mejor servicio. Nuestras oficinas est\u00e1n abiertas de lunes a viernes, de 09:00 a 14:00.<\/p>\n<\/div><\/div>\n<\/div><\/div><\/div>\n\n\n\n<div class=\"alignfull blockart-section blockart-section-242498db alignfull\"><div class=\"blockart-container\"><div class=\"blockart-section-inner\">\n<div class=\"blockart-column blockart-column-9ab59c7b\"><div class=\"blockart-column-inner\">\n<figure class=\"blockart-image blockart-image-ffe7f160\"><img loading=\"lazy\" decoding=\"async\" class=\"wp-image-480 hover-effect-static filter-none mask mask-none\" src=\"http:\/\/reparacionesmarinaalta.es\/wp-content\/uploads\/2024\/05\/electrodomesticos.png\" alt=\"\" height=\"60\" width=\"60\" srcset=\"http:\/\/reparacionesmarinaalta.es\/wp-content\/uploads\/2024\/05\/electrodomesticos.png 60w, http:\/\/reparacionesmarinaalta.es\/wp-content\/uploads\/2024\/05\/electrodomesticos-12x12.png 12w\" sizes=\"auto, (max-width: 60px) 100vw, 60px\" \/><\/figure>\n\n\n\n<h3 class=\"blockart-heading blockart-heading-59c60ddc\">Reparaci\u00f3n de electrodom\u00e9sticos<\/h3>\n\n\n\n<p class=\"blockart-paragraph blockart-paragraph-24cfb620\">Soluciones r\u00e1pidas y eficientes para todas las reparaciones de tus electrodom\u00e9sticos. Reparaci\u00f3n de lavadoras, reparaci\u00f3n de frigor\u00edficos, reparaci\u00f3n de congeladores, reparaci\u00f3n de lavavajillas, reparaci\u00f3n de hornos, reparaci\u00f3n de secadoras, reparaci\u00f3n de microondas, reparaci\u00f3n de encimeras de cocina, reparaci\u00f3n de placas de inducci\u00f3n.<\/p>\n\n\n\n<div class=\"blockart-buttons blockart-buttons-647d4dfd is-wrap justify-center\">\n<div class=\"blockart-button blockart-button-dbd9d875 \"><a class=\"blockart-button-link is-custom is-style-outline\" href=\"https:\/\/wa.me\/34686662755\">Contact us now<\/a><\/div>\n<\/div>\n<\/div><\/div>\n\n\n\n<div class=\"blockart-column blockart-column-5e456579\"><div class=\"blockart-column-inner\">\n<figure class=\"blockart-image blockart-image-cea1fb4c\"><img loading=\"lazy\" decoding=\"async\" class=\"wp-image-474 hover-effect-static filter-none mask mask-none\" src=\"http:\/\/reparacionesmarinaalta.es\/wp-content\/uploads\/2024\/05\/aircon.png\" alt=\"\" height=\"60\" width=\"60\" srcset=\"http:\/\/reparacionesmarinaalta.es\/wp-content\/uploads\/2024\/05\/aircon.png 60w, http:\/\/reparacionesmarinaalta.es\/wp-content\/uploads\/2024\/05\/aircon-12x12.png 12w\" sizes=\"auto, (max-width: 60px) 100vw, 60px\" \/><\/figure>\n\n\n\n<h3 class=\"blockart-heading blockart-heading-a4ec7413\">Aire acondicionado<\/h3>\n\n\n\n<p class=\"blockart-paragraph blockart-paragraph-170887f7\">Reparaci\u00f3n de aire acondicionado por profesionales certificados. Si la reparaci\u00f3n no es posible, tambi\u00e9n ofrecemos instalaciones de aire acondicionado.<\/p>\n\n\n\n<div class=\"blockart-buttons blockart-buttons-d96867eb is-wrap justify-center\">\n<div class=\"blockart-button blockart-button-43a2946b \"><a class=\"blockart-button-link is-custom is-style-outline\" href=\"https:\/\/wa.me\/34686662755\">Contact us now<\/a><\/div>\n<\/div>\n<\/div><\/div>\n\n\n\n<div class=\"blockart-column blockart-column-e0013a89\"><div class=\"blockart-column-inner\">\n<figure class=\"blockart-image blockart-image-a732fbb1\"><img loading=\"lazy\" decoding=\"async\" class=\"wp-image-479 hover-effect-static filter-none mask mask-none\" src=\"http:\/\/reparacionesmarinaalta.es\/wp-content\/uploads\/2024\/05\/puertas.png\" alt=\"\" height=\"60\" width=\"60\" srcset=\"http:\/\/reparacionesmarinaalta.es\/wp-content\/uploads\/2024\/05\/puertas.png 60w, http:\/\/reparacionesmarinaalta.es\/wp-content\/uploads\/2024\/05\/puertas-12x12.png 12w\" sizes=\"auto, (max-width: 60px) 100vw, 60px\" \/><\/figure>\n\n\n\n<h3 class=\"blockart-heading blockart-heading-86e18c14\">Puertas autom\u00e1ticas<\/h3>\n\n\n\n<p class=\"blockart-paragraph blockart-paragraph-72b129ca\">Reparaci\u00f3n de puertas autom\u00e1ticas: soluciones r\u00e1pidas, confiables y eficientes para todas sus necesidades de entrada.<\/p>\n\n\n\n<div class=\"blockart-buttons blockart-buttons-a82d2211 is-wrap justify-center\">\n<div class=\"blockart-button blockart-button-76565e85 \"><a class=\"blockart-button-link is-custom is-style-outline\" href=\"https:\/\/wa.me\/34686662755\">Contact us now<\/a><\/div>\n<\/div>\n<\/div><\/div>\n\n\n\n<div class=\"blockart-column blockart-column-0eff01cc\"><div class=\"blockart-column-inner\">\n<figure class=\"blockart-image blockart-image-4622a3f3\"><img loading=\"lazy\" decoding=\"async\" class=\"wp-image-477 hover-effect-static filter-none mask mask-none\" src=\"http:\/\/reparacionesmarinaalta.es\/wp-content\/uploads\/2024\/05\/domotica.png\" alt=\"\" height=\"60\" width=\"60\" srcset=\"http:\/\/reparacionesmarinaalta.es\/wp-content\/uploads\/2024\/05\/domotica.png 60w, http:\/\/reparacionesmarinaalta.es\/wp-content\/uploads\/2024\/05\/domotica-12x12.png 12w\" sizes=\"auto, (max-width: 60px) 100vw, 60px\" \/><\/figure>\n\n\n\n<h3 class=\"blockart-heading blockart-heading-0a96f3ea\">Dom\u00f3tica<\/h3>\n\n\n\n<p class=\"blockart-paragraph blockart-paragraph-fe897a45\">Instalaci\u00f3n de dom\u00f3tica para soluciones dom\u00f3ticas inteligentes.<\/p>\n\n\n\n<div class=\"blockart-buttons blockart-buttons-3d51aab8 is-wrap justify-center\">\n<div class=\"blockart-button blockart-button-4740140e \"><a class=\"blockart-button-link is-custom is-style-outline\" href=\"https:\/\/wa.me\/34686662755\">Contact us now<\/a><\/div>\n<\/div>\n<\/div><\/div>\n\n\n\n<div class=\"blockart-column blockart-column-d7c2768f\"><div class=\"blockart-column-inner\">\n<figure class=\"blockart-image blockart-image-71d64c15\"><img loading=\"lazy\" decoding=\"async\" class=\"wp-image-476 hover-effect-static filter-none mask mask-none\" src=\"http:\/\/reparacionesmarinaalta.es\/wp-content\/uploads\/2024\/05\/intercom.png\" alt=\"\" height=\"60\" width=\"60\" srcset=\"http:\/\/reparacionesmarinaalta.es\/wp-content\/uploads\/2024\/05\/intercom.png 60w, http:\/\/reparacionesmarinaalta.es\/wp-content\/uploads\/2024\/05\/intercom-12x12.png 12w\" sizes=\"auto, (max-width: 60px) 100vw, 60px\" \/><\/figure>\n\n\n\n<h3 class=\"blockart-heading blockart-heading-f3521c3a\">Intercomunicadores<\/h3>\n\n\n\n<p class=\"blockart-paragraph blockart-paragraph-f4a260a7\">Reparaci\u00f3n de telefonillos por t\u00e9cnicos certificados.<\/p>\n\n\n\n<div class=\"blockart-buttons blockart-buttons-b50ad290 is-wrap justify-center\">\n<div class=\"blockart-button blockart-button-e945bac3 \"><a class=\"blockart-button-link is-custom is-style-outline\" href=\"https:\/\/wa.me\/34686662755\">Contact us now<\/a><\/div>\n<\/div>\n<\/div><\/div>\n\n\n\n<div class=\"blockart-column blockart-column-1251afd7\"><div class=\"blockart-column-inner\">\n<figure class=\"blockart-image blockart-image-b6ccd98f\"><img loading=\"lazy\" decoding=\"async\" class=\"wp-image-478 hover-effect-static filter-none mask mask-none\" src=\"http:\/\/reparacionesmarinaalta.es\/wp-content\/uploads\/2024\/05\/tv.png\" alt=\"\" height=\"60\" width=\"60\" srcset=\"http:\/\/reparacionesmarinaalta.es\/wp-content\/uploads\/2024\/05\/tv.png 60w, http:\/\/reparacionesmarinaalta.es\/wp-content\/uploads\/2024\/05\/tv-12x12.png 12w\" sizes=\"auto, (max-width: 60px) 100vw, 60px\" \/><\/figure>\n\n\n\n<h3 class=\"blockart-heading blockart-heading-56e67be0\">Antenas y TV<\/h3>\n\n\n\n<p class=\"blockart-paragraph blockart-paragraph-d8daa58b\">Reparaciones de TV, antenas y parab\u00f3licas.<\/p>\n\n\n\n<div class=\"blockart-buttons blockart-buttons-906d2c82 is-wrap justify-center\">\n<div class=\"blockart-button blockart-button-c9adedb4 \"><a class=\"blockart-button-link is-custom is-style-outline\" href=\"https:\/\/wa.me\/34686662755\">Contact us now<\/a><\/div>\n<\/div>\n<\/div><\/div>\n\n\n\n<div class=\"blockart-column blockart-column-6a9791bf\"><div class=\"blockart-column-inner\">\n<figure class=\"blockart-image blockart-image-f57ca91c\"><img loading=\"lazy\" decoding=\"async\" class=\"wp-image-480 hover-effect-static filter-none mask mask-none\" src=\"http:\/\/reparacionesmarinaalta.es\/wp-content\/uploads\/2024\/05\/electrodomesticos.png\" alt=\"\" height=\"60\" width=\"60\" srcset=\"http:\/\/reparacionesmarinaalta.es\/wp-content\/uploads\/2024\/05\/electrodomesticos.png 60w, http:\/\/reparacionesmarinaalta.es\/wp-content\/uploads\/2024\/05\/electrodomesticos-12x12.png 12w\" sizes=\"auto, (max-width: 60px) 100vw, 60px\" \/><\/figure>\n\n\n\n<h3 class=\"blockart-heading blockart-heading-f12c7d0c\">Peque\u00f1o aparato electr\u00f3nico<\/h3>\n\n\n\n<p class=\"blockart-paragraph blockart-paragraph-5af0029b\">Robot aspirador, aspiradoras de mano, cafeteras, cafeteras, reparaciones Roomba, reparaciones Dyson, reparaciones Cecotec, reparaciones Conga.<\/p>\n\n\n\n<div class=\"blockart-buttons blockart-buttons-128cc68f is-wrap justify-center\">\n<div class=\"blockart-button blockart-button-7fe6d3f4 \"><a class=\"blockart-button-link is-custom is-style-outline\" href=\"https:\/\/wa.me\/34686662755\">Contact us now<\/a><\/div>\n<\/div>\n<\/div><\/div>\n<\/div><\/div><\/div>\n\n\n\n<div class=\"blockart-section blockart-section-bc7415d5\"><div class=\"blockart-container\"><div class=\"blockart-section-inner\">\n<div class=\"blockart-column blockart-column-3aba903e\"><div class=\"blockart-column-inner\">\n<h2 class=\"blockart-heading blockart-heading-f7be67d0\">Testimonios<\/h2>\n\n\n\n<p class=\"blockart-paragraph blockart-paragraph-e17012ae\">Un servicio de reparaci\u00f3n en el que puede confiar<\/p>\n\n\n\n<div class=\"blockart-slider blockart-slider-172bcbe6\"><div class=\"splide\"><div class=\"splide__track\"><ul class=\"splide__list\">\n<li class=\"blockart-slide blockart-slide-d1a4b97f splide__slide\">\n<div class=\"blockart-blockquote blockart-frontend blockart-blockquote-3afbe100 layout-border\"><div class=\"blockart-blockquote-main\"><blockquote><div class=\"blockart-blockquote-quote ba-typography-primary\">Servicio r\u00e1pido y t\u00e9cnicos confiables. Otra empresa me dijo que tendr\u00eda que cambiar el aire acondicionado pero encontraron el problema y me ahorraron mucho dinero. \u2605\u2605\u2605\u2605\u2605<\/div><\/blockquote><p class=\"blockart-blockquote-author\">Ivan F.<\/p><\/div><\/div>\n<\/li>\n\n\n\n<li class=\"blockart-slide blockart-slide-97b81d53 splide__slide\">\n<div class=\"blockart-blockquote blockart-frontend blockart-blockquote-185b3913 layout-border\"><div class=\"blockart-blockquote-main\"><blockquote><div class=\"blockart-blockquote-quote ba-typography-primary\">Tuve un problema con el frigor\u00edfico, el t\u00e9cnico r\u00e1pidamente encontr\u00f3 el problema y consigui\u00f3 ponerlo en funcionamiento mientras consegu\u00eda los repuestos para el arreglo definitivo. \u2605\u2605\u2605\u2605\u2605<\/div><\/blockquote><p class=\"blockart-blockquote-author\">Jean Paul S.<\/p><\/div><\/div>\n<\/li>\n\n\n\n<li class=\"blockart-slide blockart-slide-ed3f45b0 splide__slide\">\n<div class=\"blockart-blockquote blockart-frontend blockart-blockquote-253b86db layout-border\"><div class=\"blockart-blockquote-main\"><blockquote><div class=\"blockart-blockquote-quote ba-typography-primary\">Los socios mas confiables con los que hemos trabajado. Llevamos a\u00f1os trabajando juntos y siempre resuelven cualquier problema que se nos atasca. \u2605\u2605\u2605\u2605\u2605<\/div><\/blockquote><p class=\"blockart-blockquote-author\">Enrique M.<\/p><\/div><\/div>\n<\/li>\n<\/ul><\/div><div class=\"splide__arrows\"><div role=\"button\" tabindex=\"0\" class=\"splide__arrow splide__arrow--prev\"><svg xmlns=\"http:\/\/www.w3.org\/2000\/svg\" viewBox=\"0 0 40 40\" width=\"40\" height=\"40\" focusable=\"false\"><path d=\"m15.5 0.932-4.3 4.38 14.5 14.6-14.5 14.5 4.3 4.4 14.6-14.6 4.4-4.3-4.4-4.4-14.6-14.6z\"><\/path><\/svg><\/div><div role=\"button\" tabindex=\"0\" class=\"splide__arrow splide__arrow--next\"><svg xmlns=\"http:\/\/www.w3.org\/2000\/svg\" viewBox=\"0 0 40 40\" width=\"40\" height=\"40\" focusable=\"false\"><path d=\"m15.5 0.932-4.3 4.38 14.5 14.6-14.5 14.5 4.3 4.4 14.6-14.6 4.4-4.3-4.4-4.4-14.6-14.6z\"><\/path><\/svg><\/div><\/div><\/div><\/div>\n<\/div><\/div>\n<\/div><\/div><\/div>\n\n\n\n<div class=\"alignfull blockart-section blockart-section-94103da5 alignfull\"><div class=\"blockart-container\"><div class=\"blockart-section-inner\">\n<div class=\"blockart-column blockart-column-d140235c\"><div class=\"blockart-column-inner\">\n<h2 class=\"blockart-heading blockart-heading-ada5ed14\"><br><br>Amplia experiencia con las siguientes<\/h2>\n\n\n\n<h2 class=\"blockart-heading blockart-heading-b0f54b06\">Marcas<\/h2>\n\n\n\n<h1 class=\"blockart-heading blockart-heading-e447a6ec is-small\">*tambi\u00e9n trabajamos con la mayor\u00eda de las otras marcas<\/h1>\n<\/div><\/div>\n<\/div><\/div><\/div>\n\n\n\n<div class=\"blockart-section blockart-section-aa1a3471\"><div class=\"blockart-container\"><div class=\"blockart-section-inner\">\n<div class=\"blockart-column blockart-column-35bffe82\"><div class=\"blockart-column-inner\">\n<div class=\"blockart-slider blockart-slider-9d3378a2\"><div class=\"splide\"><div class=\"splide__track\"><ul class=\"splide__list\">\n<li class=\"blockart-slide blockart-slide-93883694 splide__slide\">\n<figure class=\"blockart-image blockart-image-b0dbfef5\"><img loading=\"lazy\" decoding=\"async\" class=\"wp-image-576 hover-effect-static filter-none mask mask-none\" src=\"http:\/\/reparacionesmarinaalta.es\/wp-content\/uploads\/2024\/05\/6012aa1b45200400048cf227.png\" alt=\"\" height=\"400\" width=\"400\" srcset=\"http:\/\/reparacionesmarinaalta.es\/wp-content\/uploads\/2024\/05\/6012aa1b45200400048cf227.png 400w, http:\/\/reparacionesmarinaalta.es\/wp-content\/uploads\/2024\/05\/6012aa1b45200400048cf227-300x300.png 300w, http:\/\/reparacionesmarinaalta.es\/wp-content\/uploads\/2024\/05\/6012aa1b45200400048cf227-150x150.png 150w, http:\/\/reparacionesmarinaalta.es\/wp-content\/uploads\/2024\/05\/6012aa1b45200400048cf227-100x100.png 100w\" sizes=\"auto, (max-width: 400px) 100vw, 400px\" \/><\/figure>\n<\/li>\n\n\n\n<li class=\"blockart-slide blockart-slide-b9da8b39 splide__slide\">\n<figure class=\"blockart-image blockart-image-ee8c2f87\"><img loading=\"lazy\" decoding=\"async\" class=\"wp-image-573 hover-effect-static filter-none mask mask-none\" src=\"http:\/\/reparacionesmarinaalta.es\/wp-content\/uploads\/2024\/05\/600b410c15ecd700042616dd.png\" alt=\"\" height=\"1125\" width=\"2000\" srcset=\"http:\/\/reparacionesmarinaalta.es\/wp-content\/uploads\/2024\/05\/600b410c15ecd700042616dd.png 2000w, http:\/\/reparacionesmarinaalta.es\/wp-content\/uploads\/2024\/05\/600b410c15ecd700042616dd-300x169.png 300w, http:\/\/reparacionesmarinaalta.es\/wp-content\/uploads\/2024\/05\/600b410c15ecd700042616dd-1024x576.png 1024w, http:\/\/reparacionesmarinaalta.es\/wp-content\/uploads\/2024\/05\/600b410c15ecd700042616dd-768x432.png 768w, http:\/\/reparacionesmarinaalta.es\/wp-content\/uploads\/2024\/05\/600b410c15ecd700042616dd-1536x864.png 1536w, http:\/\/reparacionesmarinaalta.es\/wp-content\/uploads\/2024\/05\/600b410c15ecd700042616dd-1320x743.png 1320w, http:\/\/reparacionesmarinaalta.es\/wp-content\/uploads\/2024\/05\/600b410c15ecd700042616dd-600x338.png 600w\" sizes=\"auto, (max-width: 2000px) 100vw, 2000px\" \/><\/figure>\n<\/li>\n\n\n\n<li class=\"blockart-slide blockart-slide-069b9cc1 splide__slide\">\n<figure class=\"blockart-image blockart-image-2d4192b3\"><img loading=\"lazy\" decoding=\"async\" class=\"wp-image-574 hover-effect-static filter-none mask mask-none\" src=\"http:\/\/reparacionesmarinaalta.es\/wp-content\/uploads\/2024\/05\/5848245ecef1014c0b5e49cb.png\" alt=\"\" height=\"512\" width=\"2150\" srcset=\"http:\/\/reparacionesmarinaalta.es\/wp-content\/uploads\/2024\/05\/5848245ecef1014c0b5e49cb.png 2150w, http:\/\/reparacionesmarinaalta.es\/wp-content\/uploads\/2024\/05\/5848245ecef1014c0b5e49cb-300x71.png 300w, http:\/\/reparacionesmarinaalta.es\/wp-content\/uploads\/2024\/05\/5848245ecef1014c0b5e49cb-1024x244.png 1024w, http:\/\/reparacionesmarinaalta.es\/wp-content\/uploads\/2024\/05\/5848245ecef1014c0b5e49cb-768x183.png 768w, http:\/\/reparacionesmarinaalta.es\/wp-content\/uploads\/2024\/05\/5848245ecef1014c0b5e49cb-1536x366.png 1536w, http:\/\/reparacionesmarinaalta.es\/wp-content\/uploads\/2024\/05\/5848245ecef1014c0b5e49cb-2048x488.png 2048w, http:\/\/reparacionesmarinaalta.es\/wp-content\/uploads\/2024\/05\/5848245ecef1014c0b5e49cb-1320x314.png 1320w, http:\/\/reparacionesmarinaalta.es\/wp-content\/uploads\/2024\/05\/5848245ecef1014c0b5e49cb-600x143.png 600w\" sizes=\"auto, (max-width: 2150px) 100vw, 2150px\" \/><\/figure>\n<\/li>\n\n\n\n<li class=\"blockart-slide blockart-slide-6d1872d4 splide__slide\">\n<figure class=\"blockart-image blockart-image-844aad21\"><img loading=\"lazy\" decoding=\"async\" class=\"wp-image-575 hover-effect-static filter-none mask mask-none\" src=\"http:\/\/reparacionesmarinaalta.es\/wp-content\/uploads\/2024\/05\/60107b0f99eef2000443c2e6.png\" alt=\"\" height=\"679\" width=\"2000\" srcset=\"http:\/\/reparacionesmarinaalta.es\/wp-content\/uploads\/2024\/05\/60107b0f99eef2000443c2e6.png 2000w, http:\/\/reparacionesmarinaalta.es\/wp-content\/uploads\/2024\/05\/60107b0f99eef2000443c2e6-300x102.png 300w, http:\/\/reparacionesmarinaalta.es\/wp-content\/uploads\/2024\/05\/60107b0f99eef2000443c2e6-1024x348.png 1024w, http:\/\/reparacionesmarinaalta.es\/wp-content\/uploads\/2024\/05\/60107b0f99eef2000443c2e6-768x261.png 768w, http:\/\/reparacionesmarinaalta.es\/wp-content\/uploads\/2024\/05\/60107b0f99eef2000443c2e6-1536x521.png 1536w, http:\/\/reparacionesmarinaalta.es\/wp-content\/uploads\/2024\/05\/60107b0f99eef2000443c2e6-1320x448.png 1320w, http:\/\/reparacionesmarinaalta.es\/wp-content\/uploads\/2024\/05\/60107b0f99eef2000443c2e6-600x204.png 600w\" sizes=\"auto, (max-width: 2000px) 100vw, 2000px\" \/><\/figure>\n<\/li>\n<\/ul><\/div><div class=\"splide__arrows\"><div role=\"button\" tabindex=\"0\" class=\"splide__arrow splide__arrow--prev\"><svg xmlns=\"http:\/\/www.w3.org\/2000\/svg\" viewBox=\"0 0 40 40\" width=\"40\" height=\"40\" focusable=\"false\"><path d=\"m15.5 0.932-4.3 4.38 14.5 14.6-14.5 14.5 4.3 4.4 14.6-14.6 4.4-4.3-4.4-4.4-14.6-14.6z\"><\/path><\/svg><\/div><div role=\"button\" tabindex=\"0\" class=\"splide__arrow splide__arrow--next\"><svg xmlns=\"http:\/\/www.w3.org\/2000\/svg\" viewBox=\"0 0 40 40\" width=\"40\" height=\"40\" focusable=\"false\"><path d=\"m15.5 0.932-4.3 4.38 14.5 14.6-14.5 14.5 4.3 4.4 14.6-14.6 4.4-4.3-4.4-4.4-14.6-14.6z\"><\/path><\/svg><\/div><\/div><\/div><\/div>\n<\/div><\/div>\n<\/div><\/div><\/div>\n\n\n\n<div class=\"alignfull blockart-section blockart-section-4e6cdf07 alignfull\"><div class=\"blockart-container-fluid\"><div class=\"blockart-section-inner\">\n<div class=\"blockart-column blockart-column-40ef7892\"><div class=\"blockart-column-inner\">\n<div align=center><h2 class=\"blockart-heading blockart-heading-40bcdb55\">  Our location<\/h2><iframe src=\"https:\/\/www.google.com\/maps\/embed?pb=!1m18!1m12!1m3!1d3107.5307644481086!2d0.006474675425773824!3d38.8432059499007!2m3!1f0!2f0!3f0!3m2!1i1024!2i768!4f13.1!3m3!1m2!1s0x129e1dc92268563f%3A0xc3b11e6e22a27cd2!2sReparaciones%20Marina%20Alta%20S.%20L.!5e0!3m2!1ses!2ses!4v1715069748964!5m2!1ses!2ses\" width=\"600\" height=\"450\" style=\"border:0;\" allowfullscreen=\"\" loading=\"lazy\" referrerpolicy=\"no-referrer-when-downgrade\" align-items:center ><\/iframe><\/div>\n<\/div><\/div>\n<\/div><\/div><\/div>\n\n\n\n<div class=\"blockart-section blockart-section-4b05417a\"><div class=\"blockart-container\"><div class=\"blockart-section-inner\">\n<div class=\"blockart-column blockart-column-547ed7e2\"><div class=\"blockart-column-inner\">\n<div class=\"blockart-section blockart-section-5170885f\"><div class=\"blockart-overlay\"><\/div><div class=\"blockart-container\"><div class=\"blockart-section-inner\">\n<div class=\"blockart-column blockart-column-5630cf80\"><div class=\"blockart-column-inner\">\n<h2 class=\"blockart-heading blockart-heading-a100cfb6\">Ll\u00e1manos sin compromiso<\/h2>\n\n\n\n<p class=\"blockart-paragraph blockart-paragraph-725ba2db\">Tambi\u00e9n puedes contactarnos v\u00eda whatsapp y nos pondremos en contacto lo antes posible.<\/p>\n<\/div><\/div>\n\n\n\n<div class=\"blockart-column blockart-column-6d7c9068\"><div class=\"blockart-column-inner\"><\/div><\/div>\n\n\n\n<div class=\"blockart-column blockart-column-56bef706\"><div class=\"blockart-column-inner\">\n<div class=\"blockart-buttons blockart-buttons-ebf00368 is-wrap justify-right\">\n<div class=\"blockart-button blockart-button-374942a5 \"><a class=\"blockart-button-link is-custom is-style-filled\" href=\"tel:+34686662755\"><span class=\"blockart-button-icon\"><svg width=\"24\" height=\"24\" xmlns=\"http:\/\/www.w3.org\/2000\/svg\" viewBox=\"0 0 24 24\" class=\"blockart-icon\" aria-hidden=\"true\"><path d=\"M21.9 17.9l-5.5-5.5-2.3 2.3c-.8-.3-2.2-.8-3-1.6s-1.4-2.3-1.6-3l2.3-2.3-5.7-5.7-3.4 3.4c-.5.5-.6 1-.6 1.5 0 1.5.4 6.5 4.4 10.5s9.1 4.4 10.5 4.4c.5 0 1-.2 1.5-.6l3.4-3.4zm-4.9 2c-1.3 0-5.6-.3-9.1-3.8S4.1 8.2 4.1 7l2.1-2.1 2.7 2.7-1.4 1.3c-.3.3-.3.6-.3 1 0 .1.6 2.9 2.3 4.6s4.5 2.3 4.6 2.3c.3.1.7 0 1-.3l1.3-1.3 2.7 2.7-2.1 2z\"><\/path><\/svg><\/span>+34 686-66-27-55<\/a><\/div>\n<\/div>\n<\/div><\/div>\n<\/div><\/div><\/div>\n<\/div><\/div>\n<\/div><\/div><\/div>\n","protected":false},"excerpt":{"rendered":"","protected":false},"author":1,"featured_media":0,"parent":0,"menu_order":0,"comment_status":"open","ping_status":"open","template":"page-templates\/pagebuilder.php","meta":{"footnotes":""},"class_list":["post-320","page","type-page","status-publish","hentry"],"jetpack_sharing_enabled":true,"_links":{"self":[{"href":"http:\/\/reparacionesmarinaalta.es\/index.php\/wp-json\/wp\/v2\/pages\/320","targetHints":{"allow":["GET"]}}],"collection":[{"href":"http:\/\/reparacionesmarinaalta.es\/index.php\/wp-json\/wp\/v2\/pages"}],"about":[{"href":"http:\/\/reparacionesmarinaalta.es\/index.php\/wp-json\/wp\/v2\/types\/page"}],"author":[{"embeddable":true,"href":"http:\/\/reparacionesmarinaalta.es\/index.php\/wp-json\/wp\/v2\/users\/1"}],"replies":[{"embeddable":true,"href":"http:\/\/reparacionesmarinaalta.es\/index.php\/wp-json\/wp\/v2\/comments?post=320"}],"version-history":[{"count":58,"href":"http:\/\/reparacionesmarinaalta.es\/index.php\/wp-json\/wp\/v2\/pages\/320\/revisions"}],"predecessor-version":[{"id":678,"href":"http:\/\/reparacionesmarinaalta.es\/index.php\/wp-json\/wp\/v2\/pages\/320\/revisions\/678"}],"wp:attachment":[{"href":"http:\/\/reparacionesmarinaalta.es\/index.php\/wp-json\/wp\/v2\/media?parent=320"}],"curies":[{"name":"wp","href":"https:\/\/api.w.org\/{rel}","templated":true}]}}