{"id":43,"date":"2024-03-24T09:58:59","date_gmt":"2024-03-24T09:58:59","guid":{"rendered":"https:\/\/optimus.qsandbox.com\/zqs\/qbcj\/site\/zakra-plumber\/?page_id=43"},"modified":"2024-06-04T09:38:04","modified_gmt":"2024-06-04T09:38:04","slug":"service-detail","status":"publish","type":"page","link":"http:\/\/reparacionesmarinaalta.es\/index.php\/service-detail\/","title":{"rendered":"Detalle de servicios"},"content":{"rendered":"\n<div class=\"blockart-section blockart-section-67cc4d47\"><div class=\"blockart-container\"><div class=\"blockart-section-inner\">\n<div class=\"blockart-column blockart-column-428e1e1f\"><div class=\"blockart-column-inner\"><\/div><\/div>\n<\/div><\/div><\/div>\n\n\n\n<div class=\"blockart-section blockart-section-7f1db542\"><div class=\"blockart-container\"><div class=\"blockart-section-inner\">\n<div class=\"blockart-column blockart-column-1e60be67\"><div class=\"blockart-column-inner\">\n<h2 class=\"blockart-heading blockart-heading-17bfb720\">Reparaci\u00f3n de electrodom\u00e9sticos<\/h2>\n\n\n\n<p>Somos servicio t\u00e9cnico oficial de las marcas Hisense, New-pol, Artica, Asko, Svan.<br><br>Realizaremos una visita de diagn\u00f3stico para encontrar el problema y evitar demoras innecesarias.<\/p>\n\n\n\n<p>Nuestra experiencia profesional en la reparaci\u00f3n de electrodom\u00e9sticos nos permite reparar cualquier marca de electrodom\u00e9sticos.<\/p>\n\n\n\n<p>Trabajamos con Zanussi, Liebherr, Whirlpool, Indesit, Teka, Corber\u00f3, Electrolux, Fagor, Balay, Bosch, Siemens, Gaggenau, Neff, Smeg, Samsung, Cata, Beko, Newpol, AEG, Miele, Ignis, Candy, Hoover, Delonghi, Junkers, Mitsubishi, Fujitsu, LG, Panasonic, Vaillant , Philips, Edesa y muchos m\u00e1s.<br><br>Reparaci\u00f3n de nevera, secadora, congelador, cocina, inducci\u00f3n, lavadora, microondas, lavavajillas, campana extractora.<\/p>\n<\/div><\/div>\n<\/div><\/div><\/div>\n\n\n\n<div class=\"blockart-section blockart-section-cfc06502\"><div class=\"blockart-container\"><div class=\"blockart-section-inner\">\n<div class=\"blockart-column blockart-column-fe5dad25\"><div class=\"blockart-column-inner\">\n<h2 class=\"blockart-heading blockart-heading-60ff1250\">Aire acondicionado<\/h2>\n\n\n\n<p>Somos especialistas en reparaci\u00f3n. Siempre que sea posible, le ofreceremos reparar su aire acondicionado para evitar que tenga que comprar uno nuevo. Amplia experiencia reparando error E7 de Haier, reparando aire que calientan pero no enfr\u00edan, sale aire pero no enfr\u00eda ni calienta, el aire acondicionado no enfr\u00eda, el aire acondicionado no enciende.<\/p>\n<\/div><\/div>\n<\/div><\/div><\/div>\n\n\n\n<div class=\"blockart-section blockart-section-975e1cf1\"><div class=\"blockart-container\"><div class=\"blockart-section-inner\">\n<div class=\"blockart-column blockart-column-bfa4f8a3\"><div class=\"blockart-column-inner\">\n<h2 class=\"blockart-heading blockart-heading-63f310b5\">Puertas autom\u00e1ticas<\/h2>\n\n\n\n<p>Reparaci\u00f3n de puertas autom\u00e1ticas. Reparamos puertas clemsa, puertas motorline, puertas faac, puertas vds, puertas came, puertas acm, puertas aprimatic, puertas pujol, puertas dea, puertas medva. Cambio de fotoc\u00e9lulas, cambio de motor de puerta, cambio de placa electr\u00f3nica.<\/p>\n<\/div><\/div>\n<\/div><\/div><\/div>\n\n\n\n<div class=\"blockart-section blockart-section-5cd32940\"><div class=\"blockart-container\"><div class=\"blockart-section-inner\">\n<div class=\"blockart-column blockart-column-9747e6a7\"><div class=\"blockart-column-inner\">\n<h2 class=\"blockart-heading blockart-heading-ea9684b4\">Dom\u00f3tica<\/h2>\n\n\n\n<p>Realizamos reparaciones y instalaciones de aparatos de dom\u00f3tica. Puertas inteligentes, rel\u00e9s de persiana, luces inteligentes, aire acondicionado wifi, c\u00e1maras wifi, alexa, google home, raspberry pi.<\/p>\n<\/div><\/div>\n<\/div><\/div><\/div>\n\n\n\n<div class=\"blockart-section blockart-section-d4c99943\"><div class=\"blockart-container\"><div class=\"blockart-section-inner\">\n<div class=\"blockart-column blockart-column-4e6e3066\"><div class=\"blockart-column-inner\">\n<h2 class=\"blockart-heading blockart-heading-1408708b\">Intercomunicadores<\/h2>\n\n\n\n<p>Reparaci\u00f3n de telefonillos y reparaci\u00f3n de intercomunicadores, as\u00ed como en el caso de que no sea posible la reparaci\u00f3n, podemos realizar la sustituci\u00f3n por otro aparato de similares caracter\u00edsticas.<\/p>\n<\/div><\/div>\n<\/div><\/div><\/div>\n\n\n\n<div class=\"blockart-section blockart-section-bf333bd9\"><div class=\"blockart-container\"><div class=\"blockart-section-inner\">\n<div class=\"blockart-column blockart-column-b9085710\"><div class=\"blockart-column-inner\">\n<h2 class=\"blockart-heading blockart-heading-f1fd900e\">Antenas y Televisores<\/h2>\n\n\n\n<p>Reparaci\u00f3n de antenas, reparaci\u00f3n de parab\u00f3licas, reparaci\u00f3n de Fransat, reparaci\u00f3n de televisores. Si no se puede reparar, buscaremos una soluci\u00f3n para que puedan volver a ver la tele. La pantalla no enciende, LG, Samsung, la pantalla se ve azul, televisi\u00f3n se escucha pero no se oye, televisi\u00f3n sin se\u00f1al, android tv, TD Systems. <\/p>\n\n\n\n<h2 class=\"blockart-heading blockart-heading-2d2d9546\">Peque\u00f1o aparato electr\u00f3nico<\/h2>\n\n\n\n<p>Env\u00edanos tu peque\u00f1o aparato electr\u00f3nico. Nuestros t\u00e9cnicos lo desmontar\u00e1n, comprobar\u00e1n el origen de la aver\u00eda, y te ofrecer\u00e1n presupuesto de reparaci\u00f3n.<\/p>\n<\/div><\/div>\n<\/div><\/div><\/div>\n\n\n\n<div class=\"blockart-section blockart-section-35ba3273\"><div class=\"blockart-overlay\"><\/div><div class=\"blockart-container\"><div class=\"blockart-section-inner\">\n<div class=\"blockart-column blockart-column-ef246bc8\"><div class=\"blockart-column-inner\">\n<h2 class=\"blockart-heading blockart-heading-d93cf2ad\"><strong>Ll\u00e1manos sin compromiso<\/strong><\/h2>\n\n\n\n<p class=\"blockart-paragraph blockart-paragraph-245d2816\">Tambi\u00e9n puedes contactarnos v\u00eda whatsapp y nos pondremos en contacto lo antes posible.<\/p>\n<\/div><\/div>\n\n\n\n<div class=\"blockart-column blockart-column-91c5db9b\"><div class=\"blockart-column-inner\"><\/div><\/div>\n\n\n\n<div class=\"blockart-column blockart-column-f7d824d1\"><div class=\"blockart-column-inner\">\n<div class=\"blockart-buttons blockart-buttons-8c979ee2 is-wrap justify-right\">\n<div class=\"blockart-button blockart-button-4bb3fa0f \"><a class=\"blockart-button-link is-custom is-style-filled\" href=\"tel:+34686662755\"><span class=\"blockart-button-icon\"><svg width=\"24\" height=\"24\" xmlns=\"http:\/\/www.w3.org\/2000\/svg\" viewBox=\"0 0 24 24\" class=\"blockart-icon\" aria-hidden=\"true\"><path d=\"M21.9 17.9l-5.5-5.5-2.3 2.3c-.8-.3-2.2-.8-3-1.6s-1.4-2.3-1.6-3l2.3-2.3-5.7-5.7-3.4 3.4c-.5.5-.6 1-.6 1.5 0 1.5.4 6.5 4.4 10.5s9.1 4.4 10.5 4.4c.5 0 1-.2 1.5-.6l3.4-3.4zm-4.9 2c-1.3 0-5.6-.3-9.1-3.8S4.1 8.2 4.1 7l2.1-2.1 2.7 2.7-1.4 1.3c-.3.3-.3.6-.3 1 0 .1.6 2.9 2.3 4.6s4.5 2.3 4.6 2.3c.3.1.7 0 1-.3l1.3-1.3 2.7 2.7-2.1 2z\"><\/path><\/svg><\/span>+34 686-66-27-55<\/a><\/div>\n<\/div>\n<\/div><\/div>\n<\/div><\/div><\/div>\n\n\n\n<div class=\"blockart-section blockart-section-7e865b8c\"><div class=\"blockart-container\"><div class=\"blockart-section-inner\"><\/div><\/div><\/div>\n","protected":false},"excerpt":{"rendered":"","protected":false},"author":1,"featured_media":0,"parent":0,"menu_order":0,"comment_status":"closed","ping_status":"closed","template":"page-templates\/pagebuilder.php","meta":{"footnotes":""},"class_list":["post-43","page","type-page","status-publish","hentry"],"jetpack_sharing_enabled":true,"_links":{"self":[{"href":"http:\/\/reparacionesmarinaalta.es\/index.php\/wp-json\/wp\/v2\/pages\/43","targetHints":{"allow":["GET"]}}],"collection":[{"href":"http:\/\/reparacionesmarinaalta.es\/index.php\/wp-json\/wp\/v2\/pages"}],"about":[{"href":"http:\/\/reparacionesmarinaalta.es\/index.php\/wp-json\/wp\/v2\/types\/page"}],"author":[{"embeddable":true,"href":"http:\/\/reparacionesmarinaalta.es\/index.php\/wp-json\/wp\/v2\/users\/1"}],"replies":[{"embeddable":true,"href":"http:\/\/reparacionesmarinaalta.es\/index.php\/wp-json\/wp\/v2\/comments?post=43"}],"version-history":[{"count":14,"href":"http:\/\/reparacionesmarinaalta.es\/index.php\/wp-json\/wp\/v2\/pages\/43\/revisions"}],"predecessor-version":[{"id":685,"href":"http:\/\/reparacionesmarinaalta.es\/index.php\/wp-json\/wp\/v2\/pages\/43\/revisions\/685"}],"wp:attachment":[{"href":"http:\/\/reparacionesmarinaalta.es\/index.php\/wp-json\/wp\/v2\/media?parent=43"}],"curies":[{"name":"wp","href":"https:\/\/api.w.org\/{rel}","templated":true}]}}