{"id":662,"date":"2024-05-28T15:35:11","date_gmt":"2024-05-28T15:35:11","guid":{"rendered":"https:\/\/reparacionesmarinaalta.es\/?page_id=662"},"modified":"2024-05-29T07:28:12","modified_gmt":"2024-05-29T07:28:12","slug":"condiciones-de-servicio","status":"publish","type":"page","link":"http:\/\/reparacionesmarinaalta.es\/index.php\/condiciones-de-servicio\/","title":{"rendered":"Condiciones de servicio"},"content":{"rendered":"\n<p><strong>DETALLE DEL SERVICIO DE INSTALACI\u00d3N B\u00c1SICA DE AIRE ACONDICIONADO TIPO SPLIT (250EUR) Y (300EUR)<\/strong><\/p>\n\n\n\n<p>INCLUSIONES:<\/p>\n\n\n\n<ul class=\"wp-block-list\">\n<li>Juego de soportes y Silentblocks, Interconexi\u00f3n el\u00e9ctrica y entre unidades interior y exterior.<\/li>\n\n\n\n<li>3 METROS de tuber\u00eda frigor\u00edfica de cobre aislado.<\/li>\n\n\n\n<li>2 METROS de Canaleta de PVC para ocultar lineas de cobre y el\u00e9ctricas (En caso necesario).<\/li>\n\n\n\n<li>Gas Refrigerante R32.<\/li>\n\n\n\n<li>Accesorios de fijaci\u00f3n y peque\u00f1o material<\/li>\n\n\n\n<li>Puesta en marcha y comprobar su correcto funcionamiento.<\/li>\n<\/ul>\n\n\n\n<p>EXCLUSIONES:<\/p>\n\n\n\n<ul class=\"wp-block-list\">\n<li>Trabajos de alba\u00f1iler\u00eda y pintura, Trabajos propios de un electricista, Trabajos verticales, Permisos comunitarios o municipales, Trabajos de escayola, modificaciones la ubicaci\u00f3n acordada del equipo ser\u00e1 responsabilidad del cliente.<\/li>\n\n\n\n<li>Cualquier trabajo que no est\u00e9 contemplado en el presente presupuesto se facturar\u00e1 aparte.<\/li>\n<\/ul>\n\n\n\n<p>PERIODO DE GARANT\u00cdA 2 A\u00d1OS EN PIEZAS Y MANO DE OBRA<\/p>\n\n\n\n<p><strong>SERVICIO DE INSTALACI\u00d3N B\u00c1SICA DE AIRE ACONDICIONADO TIPO CONDUCTOS CON PREINSTALACI\u00d3N 550EUR. CON RETIRADA DE ANTIGUO APARATO INSTALADO 650EUR<\/strong><\/p>\n\n\n\n<p>INCLUSIONES:<\/p>\n\n\n\n<p>Embocadura unidad interior a red de conductos.<\/p>\n\n\n\n<p>Juego de soportes y Silentblocks, Interconexi\u00f3n el\u00e9ctrica y entre unidades interior y exterior, L\u00edneas de tuber\u00eda frigor\u00edfica de cobre aislado,Gas Refrigerante R32, Accesorios de fijaci\u00f3n y peque\u00f1o material, Puesta en marcha y comprobar correcto funcionamiento.<\/p>\n\n\n\n<p>EXCLUSIONES:<\/p>\n\n\n\n<p>Trabajos de alba\u00f1iler\u00eda y pintura, Trabajos propios de un electricista, Trabajos verticales, Permisos comunitarios o municipales, Trabajos de escayola, modificaciones la ubicaci\u00f3n acordada del equipo ser\u00e1 responsabilidad del cliente.<\/p>\n\n\n\n<p>Cualquier trabajo que no est\u00e9 contemplado en el presente presupuesto se facturar\u00e1 aparte.<\/p>\n\n\n\n<p>PERIODO DE GARANT\u00cdA 2 A\u00d1OS EN PIEZAS Y MANO DE OBRA INSTALADOR<\/p>\n\n\n\n<p><strong>INSTALACION DE TERMO EL\u00c9CTRICO (119EUR)<\/strong><\/p>\n\n\n\n<p>Retirada de aparato antiguo, cambio de latiguillos e instalaci\u00f3n del nuevo en la misma ubicaci\u00f3n del antiguo.<\/p>\n\n\n\n<p>NO INCLUYE, trabajos de fontaner\u00eda adicionales, alba\u00f1ileria, carpinteria y pintura.<\/p>\n\n\n\n<p><strong>INSTALACI\u00d3N&nbsp; ELECTRODOM\u00c9STICOS (30EUR) LAVADORAS, LAVAVAJILLAS, FRIGOR\u00cdFICOS DE LIBRE INSTALACI\u00d3N<\/strong>.<\/p>\n\n\n\n<p>Entrega en domicilio, instalaci\u00f3n y puesta en marcha del nuevo aparato. Incluye conexionado el\u00e9ctrico e hidr\u00e1ulico con los accesorios que dispone el propio aparato. Retirada del antiguo y entrega al punto de reciclado.<\/p>\n\n\n\n<p>La entrega en domicilio tiene que ser practicable mediante ascensor o similar.<\/p>\n\n\n\n<p>NO INCLUYE, entrega a domicilio sin ascensor, andamiaje, gr\u00faa, trabajos de carpinter\u00eda como desmontaje de puertas de paso, alba\u00f1ileria, fontaneria y electricidad.<\/p>\n\n\n\n<p><strong>INSTALACI\u00d3N ENCIMERA ELECTRICA (30EUR)&nbsp;<\/strong><\/p>\n\n\n\n<p>Con desinstalacion de equipo antiguo y retirada&nbsp;<\/p>\n\n\n\n<p>Encimera el\u00e9ctrica, vitrocer\u00e1mica o inducci\u00f3n.<\/p>\n\n\n\n<p>No incluye adaptaci\u00f3n del hueco, trabajos de alba\u00f1iler\u00eda ni electricidad adicionales.<\/p>\n\n\n\n<p><strong>INSTALACI\u00d3N HORNO DE ENCASTRE (30EUR)<\/strong><\/p>\n\n\n\n<p>Con desinstalacion de equipo antiguo y retirada<\/p>\n\n\n\n<p><strong>INSTALACI\u00d3N DE CAMPANA EXTRACTORA EXTRAPLANA O CONVENCIONAL (59EUR)<\/strong><\/p>\n\n\n\n<p>Con desinstalacion de equipo antiguo y retirada (69eur)<\/p>\n\n\n\n<p><strong>INSTALACION DE CAMPANA EXTRACTORA DECORATIVA STANDARD 60CM (69EUR)<\/strong><\/p>\n\n\n\n<p>Con desinstalacion de equipo antiguo y retirada (79eur)<br><br>Todos los costes se presume que son para electrodom\u00e9sticos no integrables y que no requieren desmontaje de muebles.<br><br>Reparaciones Marina Alta SL, se reserva el derecho de cambiar en cualquier momento estos presupuestos no d\u00e1ndolos por cerrado hasta que uno de nuestros t\u00e9cnicos visite la instalaci\u00f3n y d\u00e9 el visto bueno.<br>Para otros tipos de aparato que requiera instalaci\u00f3n puede pedir presupuesto a trav\u00e9s de nuestra web\u00a0www.reparacionesmarinaalta.es o mediante whatsapp.<\/p>\n\n\n\n<h2 class=\"blockart-heading blockart-heading-573326cc\">Servicio de reparaci\u00f3n de electrodom\u00e9sticos de gama blanca.<\/h2>\n\n\n\n<p>La primera visita de servicio de reparaci\u00f3n de electrodom\u00e9sticos incluye desplazamiento, y hasta una hora de intervenci\u00f3n por parte del t\u00e9cnico. El coste de dicha visita es de 62 euros. Si es posible reparar sin necesidad de material o tiempo adicional, s\u00f3lo cobramos el importe de la visita, si es necesario material o tiempo adicional, tras recibir el importe de la visita le facilitaremos un presupuesto. Si no es posible reparar, igualmente deber\u00e1 abonar el importe de la visita. Este servicio se aplica a lavavajillas, lavadoras, secadoras, hornos, y dem\u00e1s electrodom\u00e9sticos de gama blanca.<\/p>\n\n\n\n<p><\/p>\n","protected":false},"excerpt":{"rendered":"<p>DETALLE DEL SERVICIO DE INSTALACI\u00d3N B\u00c1SICA DE AIRE ACONDICIONADO TIPO SPLIT (250EUR) Y (300EUR) INCLUSIONES: EXCLUSIONES: PERIODO DE GARANT\u00cdA 2 A\u00d1OS EN PIEZAS Y MANO DE OBRA SERVICIO DE INSTALACI\u00d3N B\u00c1SICA DE AIRE ACONDICIONADO TIPO CONDUCTOS CON PREINSTALACI\u00d3N 550EUR. CON RETIRADA DE ANTIGUO APARATO INSTALADO 650EUR INCLUSIONES: Embocadura unidad interior a red de conductos. Juego [&hellip;]<\/p>\n","protected":false},"author":1,"featured_media":0,"parent":0,"menu_order":0,"comment_status":"closed","ping_status":"closed","template":"","meta":{"footnotes":""},"class_list":["post-662","page","type-page","status-publish","hentry"],"jetpack_sharing_enabled":true,"_links":{"self":[{"href":"http:\/\/reparacionesmarinaalta.es\/index.php\/wp-json\/wp\/v2\/pages\/662","targetHints":{"allow":["GET"]}}],"collection":[{"href":"http:\/\/reparacionesmarinaalta.es\/index.php\/wp-json\/wp\/v2\/pages"}],"about":[{"href":"http:\/\/reparacionesmarinaalta.es\/index.php\/wp-json\/wp\/v2\/types\/page"}],"author":[{"embeddable":true,"href":"http:\/\/reparacionesmarinaalta.es\/index.php\/wp-json\/wp\/v2\/users\/1"}],"replies":[{"embeddable":true,"href":"http:\/\/reparacionesmarinaalta.es\/index.php\/wp-json\/wp\/v2\/comments?post=662"}],"version-history":[{"count":3,"href":"http:\/\/reparacionesmarinaalta.es\/index.php\/wp-json\/wp\/v2\/pages\/662\/revisions"}],"predecessor-version":[{"id":671,"href":"http:\/\/reparacionesmarinaalta.es\/index.php\/wp-json\/wp\/v2\/pages\/662\/revisions\/671"}],"wp:attachment":[{"href":"http:\/\/reparacionesmarinaalta.es\/index.php\/wp-json\/wp\/v2\/media?parent=662"}],"curies":[{"name":"wp","href":"https:\/\/api.w.org\/{rel}","templated":true}]}}